{"id":5898,"date":"2022-11-20T17:06:57","date_gmt":"2022-11-20T22:06:57","guid":{"rendered":"https:\/\/history208.voices.wooster.edu\/?page_id=5898"},"modified":"2022-11-30T13:44:35","modified_gmt":"2022-11-30T18:44:35","slug":"research-papers-fall-2022","status":"publish","type":"page","link":"https:\/\/history208.voices.wooster.edu\/?page_id=5898","title":{"rendered":"Research Papers &#8211; Titles &amp; Topics &#8211; Fall 2022"},"content":{"rendered":"<p style=\"font-weight: 400\">Aaron Huq, \u201cWhat It Is to be a Savage: Understanding Colonial Distinguishments of Different Groups\u201d<\/p>\n<ul>\n<li>Carey, William.\u00a0<em>A Garo Jungle Book: Or, The Mission to the Garos of Assam<\/em>. Philadelphia: Judson Press, 1919.<\/li>\n<li>Parsons, Timothy H..\u00a0<em>The Second British Empire : In the Crucible of the Twentieth Century<\/em>. Blue Ridge Summit: Rowman &amp; Littlefield Publishers (2014). Accessed November 7, 2022. ProQuest Ebook Central.<\/li>\n<\/ul>\n<p style=\"font-weight: 400\">Andrew Chura, \u201cExperiences of Soldiers on the Western Front of WWI\u201d<\/p>\n<ul>\n<li>Winter, Denis.\u00a0<em>Death\u2019s Men.\u00a0<\/em>New York: Penguin Books, 1979.<\/li>\n<li>Bairnsfather, Bruce.\u00a0<em>Bullets &amp; Billets.\u00a0<\/em>London: Putnam\u2019s, 1917.<\/li>\n<\/ul>\n<p style=\"font-weight: 400\">Brazos Gadler, \u201cStalinism and the People\u201d<\/p>\n<ul>\n<li style=\"font-weight: 400\">Fitzpatrick, Sheila. Everyday Stalinism: Ordinary Life in Extraordinary Times: Soviet Russia in the 1930s, Oxford University Press, 2000.<\/li>\n<li><\/li>\n<\/ul>\n<p style=\"font-weight: 400\">Claire Berlin, \u201cNazi entertainment Films and Nationalist Ideologies\u201d<\/p>\n<ul>\n<li>O\u2019Brien, Mary-Elizabeth.\u00a0<em>Nazi Cinema as Enchantment: The Politics of Entertainment in the Third Reich.<\/em>NED-New edition. Boydell &amp; Brewer, 2004. <a href=\"http:\/\/www.jstor.org\/stable\/10.7722\/j.ctt163tbf3\">http:\/\/www.jstor.org\/stable\/10.7722\/j.ctt163tbf3<\/a>.<\/li>\n<li>Hansen, Rolf.\u00a0<em>Die gro\u00dfe Liebe<\/em>. UFA, 1942.<\/li>\n<li>von B\u00e1ky, Josef.\u00a0<em>M\u00fcnchhausen<\/em>. UFA, 1943.<\/li>\n<li>von Cser\u00e9py, Arz\u00e9n, director.\u00a0<em>Nur nicht weich werden, Susanne! Eine Groteske aus<\/em> <em>vergangener Zeit.<\/em>Cser\u00e9py-Filmgesellschaft mbH, 1935.<\/li>\n<\/ul>\n<p style=\"font-weight: 400\">Colin Czubaruk, \u201cThe Irish War of Independence: The Beginning of the End for the British Empire\u201d<\/p>\n<ul>\n<li>Grayson, R. S. (2021). <em>Dublin&#8217;s Great Qars: The First World War, the Easter Rising and the Irish Revolution<\/em>. Cambridge University Press.<\/li>\n<li>Goold, M. \u201cWormwood Scrubs Hunger Striker Autograph Book, 1920.\u201d National Museum of Ireland. Accessed November 18, 2022.<a href=\"https:\/\/www.museum.ie\/en-IE\/Collections-Research\/Collection\/The-Propaganda-War\/Artefact\/Wormwood-Scrubs-hunger-striker-autograph-book,-192\/b2ab14a1-a76a-4e4c-95da-80a4db7d6cdd\">https:\/\/www.museum.ie\/en-IE\/Collections-Research\/Collection\/The-Propaganda-War\/Artefact\/Wormwood-Scrubs-hunger-striker-autograph-book,-192\/b2ab14a1-a76a-4e4c-95da-80a4db7d6cdd<\/a><\/li>\n<\/ul>\n<p style=\"font-weight: 400\">Colin Stoner, \u201cItalian Colonization of Ethiopia\u201d<\/p>\n<ul>\n<li>L\u00e1szl\u00f3, S\u00e1ska.\u00a0<em>Fascist Italian Brutality in Ethiopia, 1935-1937: An Eyewitness Account<\/em>. Red Sea Press, 2015.<\/li>\n<li>Pearce, Jeff. 2014.\u00a0<em>Prevail: The Inspiring Story of Ethiopia&#8217;s Victory over Mussolini&#8217;s Invasion<\/em>. New York: Skyhorse.<\/li>\n<\/ul>\n<p style=\"font-weight: 400\">Connor Hall, \u201cSport in Vichy France\u201d<\/p>\n<ul>\n<li>Rathbone, Keith. <em>Sport and Physical Culture in Occupied France: Authoritarianism, Agency, and Everyday Life<\/em>. Manchester University Press, 2022<\/li>\n<li>??<\/li>\n<\/ul>\n<p style=\"font-weight: 400\">Connor Smith, \u201cIdealism Corrupted: The Role of International Volunteers in the Spanish Civil War\u201d<\/p>\n<ul>\n<li>Keene, Judith.\u00a0<em>Fighting for Franco: International Volunteers in Nationalist Spain During the Spanish Civil War<\/em>. London: Bloomsbury Academic, 2007.<\/li>\n<li>Kemp, Peter.\u00a0<em>Mine Were of Trouble: A Nationalist Account of the Spanish Civil War<\/em>. London: Cassell &amp; Co., 1957.<\/li>\n<\/ul>\n<p style=\"font-weight: 400\">Daryn Drescher, \u201cAggression and Appeasement in Interwar Europe: The Original Cautionary Tale for Standing Up to Bullies\u201d<\/p>\n<ul>\n<li style=\"font-weight: 400\">Bouvarie, Appeasement<\/li>\n<li>Bertolt Brecht, &#8220;Dansen&#8221;<\/li>\n<\/ul>\n<p style=\"font-weight: 400\">Drew Baird, \u201cThe Conception of a New European Order During the Second World War\u201d<\/p>\n<ul>\n<li>Bailey, Christian.\u00a0<em>The English Historical Review<\/em>, vol. 129, no. 541, 2014, pp. 1539\u201340. <em>JSTOR<\/em>,\u00a0<a href=\"http:\/\/www.jstor.org\/stable\/24474173\">http:\/\/www.jstor.org\/stable\/24474173<\/a>.<\/li>\n<li>Hewitson, Mark, and Matthew D\u2019Auria, eds.\u00a0<em>Europe in Crisis: Intellectuals and the European Idea, 1917-1957<\/em>. 1st ed. Berghahn Books, 2012.\u00a0<a href=\"http:\/\/www.jstor.org\/stable\/j.ctt9qd1p2\">http:\/\/www.jstor.org\/stable\/j.ctt9qd1p2<\/a>.<\/li>\n<li>Kershaw, Ian.\u00a0<em>To Hell and Back: Europe, 1914-1949<\/em>. London: Penguin Books, 2016.<\/li>\n<li>Doman, Nicholas. \u201cWorld Reconstruction and European Regionalism.\u201d\u00a0<em>Social Forces<\/em>21, no. 3 (1943): 265\u201372.\u00a0<a href=\"https:\/\/doi.org\/10.2307\/2570661\">https:\/\/doi.org\/10.2307\/2570661<\/a>.<\/li>\n<li>Kerner, Robert J. \u201cThe Prospects of Peace in Europe.\u201d\u00a0<em>The Annals of the American Academy of Political and Social Science<\/em>162 (1932): 235\u201340.\u00a0<a href=\"http:\/\/www.jstor.org\/stable\/1018682\">http:\/\/www.jstor.org\/stable\/1018682<\/a>.<\/li>\n<li>Mead, Edwin D. \u201cThe United States of Europe.\u201d\u00a0<em>Advocate of Peace through Justice<\/em>88, no. 5 (1926): 307\u201312.\u00a0<a href=\"http:\/\/www.jstor.org\/stable\/20661267\">http:\/\/www.jstor.org\/stable\/20661267<\/a>.<\/li>\n<\/ul>\n<p style=\"font-weight: 400\">Duncan Miller, \u201cEnd of an Era: How World War 2 Destroyed Colonialism\u201d<\/p>\n<ul>\n<li>Werth, L\u00e9on.<em>\u00a0Deposition, 1940-1944: A Secret Diary of Life in Vichy France. <\/em>[City, State: Publisher, Year.]\u00a0Edited and translated by David Ball.<\/li>\n<li>Gino, Ruth.\u00a0<em>French Colonialism Unmasked: The Vichy Years in French West Africa. <\/em>[City, State: Publisher, Year.]<\/li>\n<\/ul>\n<p style=\"font-weight: 400\">Elise Pope, \u201cReserve Police Battalion 101 and Its Depiction of Human Nature\u201d<\/p>\n<ul>\n<li>Browning, Christopher R. <em>Ordinary Men: Reserve Police Battalion 101 and The Final Solution in Poland<\/em>. New York, NY: HarperCollins, 1992.<\/li>\n<li>Arendt, Hannah. <em>Eichmann in Jerusalem: A Report on the Banality of Evil<\/em>. New York, NY: Viking Press, 1963.<\/li>\n<\/ul>\n<p style=\"font-weight: 400\">Ethan Becker, \u201cStalingrad the Unsurprising Soviet Upset\u201d<\/p>\n<ul>\n<li>Isaev, A. V., and Richard W. Harrison.\u00a0<em>Stalingrad: City on Fire<\/em>. Barnsley, Yorkshire: Pen &amp; Sword Military, 2019.<\/li>\n<li>Weinert, Erich.\u00a0<em>Stalingrad Diary<\/em>. Translated by Egon Larson, I.N.G Publication , 1944.<\/li>\n<\/ul>\n<p style=\"font-weight: 400\">Izzy Flores Perez, &#8220;German Soldiers in the Great War&#8221;<\/p>\n<ul>\n<li>Whalen, Robert Weldon. <em>Bitter Wounds: German Victims of the Great War<\/em>, Cornell University Press, 1984.<\/li>\n<li style=\"font-weight: 400\">Bidermann, Gottlob Herbert. <em>Deadly Combat: A German Soldier\u2019s Memoir of the Eastern Front.\u00a0<\/em>Trans. and ed. by Derek S. Zumbro.\u00a0University Press of Kansas, 2000. <a href=\"http:\/\/www.jstor.org\/stable\/j.ctt1c3snn0.1\">http:\/\/www.jstor.org\/stable\/j.ctt1c3snn0.1<\/a>.<\/li>\n<\/ul>\n<p style=\"font-weight: 400\">Jack Fleming, \u201cThe Collaboration of the Kingdom of Hungary with Nazi Germany\u2019s War Effort\u201d<\/p>\n<ul>\n<li>Cornelius, Deborah S.\u00a0<em>Hungary in World War II Caught in the Cauldron<\/em>. New York: Fordham University Press, 2011.<\/li>\n<li>Horthy, Nicholas.\u00a0<em>A Life for Hungary: Memoirs of Admiral Nicholas Horthy Regent of Hungary<\/em>. New York: Ishi Press, 2011.<\/li>\n<\/ul>\n<p style=\"font-weight: 400\">Jason Prather, \u201cThe Holodomor as a Representation of Stalinist Russia During the Interwar Period\u201d<\/p>\n<ul>\n<li>Snyder, Timothy.\u00a0<em>Bloodlands Europe Between Hitler and Stalin.\u00a0<\/em>New York; Basic Books. 2010<\/li>\n<li>Kravchenko, Victor.\u00a0<em>I Chose Freedom.<\/em>New York; Scribners. 1947<\/li>\n<\/ul>\n<p style=\"font-weight: 400\">Jay Daigle, \u201cTools of Victory: The Hawker Hurricane in the Battle of Britain\u201d<\/p>\n<ul>\n<li>McKinstry, Leo.\u00a0<em>Hurricane: Victor of the Battle of Britain<\/em>. London, UK: John Murray, 2011.<\/li>\n<li>\u201cQuality in Warplanes.\u201d\u00a0<em>Scientific American<\/em>164, no. 5 (May 1941): 278\u201380.\u00a0<a href=\"https:\/\/doi.org\/10.1038\/scientificamerican0541-278\">https:\/\/doi.org\/10.1038\/scientificamerican0541-278<\/a>.<\/li>\n<li>Spaight, J. M. \u201cThe British War in the Air: Third Phase.\u201d\u00a0<em>Foreign Affairs<\/em>20, no. 3 (April 1942): 552.\u00a0<a href=\"https:\/\/doi.org\/10.2307\/20029174\">https:\/\/doi.org\/10.2307\/20029174<\/a>.<\/li>\n<li>Spaight, J. M. \u201cThe War in the Air: First Phase.\u201d\u00a0<em>Foreign Affairs<\/em>18, no. 2 (January 1940): 357.\u00a0<a href=\"https:\/\/doi.org\/10.2307\/20029005\">https:\/\/doi.org\/10.2307\/20029005<\/a>.<\/li>\n<\/ul>\n<p style=\"font-weight: 400\">Jonah McGlumphy, \u201cThe Wars of Middle-Earth and Our Own\u201d<\/p>\n<ul>\n<li>Tolkien, J. R. R. 1892-1973, Humphrey Carpenter, and Christopher Tolkien. 1981.<em>The Letters of J.R.R. Tolkien<\/em>. Boston: Houghton Mifflin.<\/li>\n<li>Carpenter, Humphrey.<em>R.R. Tolkien: A Biography<\/em>. First Houghton Mifflin paperback ed. 1997. Boston: Houghton Mifflin.<\/li>\n<\/ul>\n<p style=\"font-weight: 400\">Kennedy Kohlman, \u201cThe Comintern and the Crisis of the Left\u201d<\/p>\n<ul>\n<li style=\"font-weight: 400\"><\/li>\n<\/ul>\n<p style=\"font-weight: 400\">Milo Hoff, \u201cSoldiers of India in WW1 and WW2\u201d<\/p>\n<ul>\n<li>Jarboe, Andrew, \u201cIndian Soldiers in World War 1: Race and Representation in an Imperial War\u201d. University of Nebraska Press, 2021<\/li>\n<li>Anand, Mulk Raj.\u00a0<em>Across the Black Waters<\/em>. New Delhi: Orient Paperbacks, 2008. Orig. 1939.<\/li>\n<\/ul>\n<p style=\"font-weight: 400\">Miriam Harley, \u201cRoyal Air Force, royalty or royal pains: an exploration of the cultural attitudes towards the RAF from 1939-1945\u201d<\/p>\n<ul>\n<li>Francis, Martin,\u00a0<em>The Flyer: British Culture and the Royal Air Force 1939-1945,\u00a0<\/em>2008<\/li>\n<li>Articles from the <em>Gloucester Echo<\/em> in 1939 and 1940<\/li>\n<\/ul>\n<p style=\"font-weight: 400\">Mitchell Ecklund, \u201cOperation Anthropoid: Impact of Assassination on the Second World War\u201d<\/p>\n<ul>\n<li style=\"font-weight: 400\"><\/li>\n<\/ul>\n<p style=\"font-weight: 400\">Th\u00e9o Weidinger, \u201cThe War of Changing Technologies\u201d<\/p>\n<ul>\n<li>Snyder, Jack,\u00a0<em>The Ideology of the Offensive: Military Decision Making and the Disasters of 1914<\/em>, Cornell University Press, 1984.<\/li>\n<li>Von Molte, Helmuth. <em>Essays, speeches, and memoirs of Field Marshal Count Helmuth von Moltke<\/em>.\u00a0Trans. Charles Flint McClumpha, Major C. Barter, Mary Herms. London : J. R. Osgood, McIlvaine &amp; Co., 1893. 2 vols. At <em>org<\/em>.<\/li>\n<\/ul>\n<p style=\"font-weight: 400\">Timo Nurmi, \u201cWhat Form Did Media Take following the Great War, Traditional or Modern?\u201d<\/p>\n<ul>\n<li>Winter, Jay,\u00a0<em>Sites of Memory, Sites of Mourning<\/em>. Cabridge. Cambridge University Press.\u00a01995.<\/li>\n<li>Graves, Robert,\u00a0<em>Good-Bye to All That<\/em>. London. Jonathan Cape.\u00a01929<\/li>\n<\/ul>\n<p style=\"font-weight: 400\">Troy Archer, \u201cJewish Refugees and the Coming of World War \u201c<\/p>\n<ul>\n<li>Caestecker, Frank, and Bob Moore, eds.\u00a0<em>Refugees from Nazi Germany and the Liberal European States<\/em>. New Edition. Berghahn Books, 2010.<\/li>\n<li>, Robert P. &#8220;Jewish Refugees.&#8221;\u00a0<em>Times<\/em>, August 1, 1939, 17.\u00a0<em>The Times Digital Archive\u00a0<\/em>(accessed November 11, 2022).<\/li>\n<li>Weizmann, Ch. &#8220;Settlement Of Jew Refugees.&#8221;\u00a0<em>Times<\/em>, January 23, 1939, 13.\u00a0<em>The Times Digital Archive\u00a0<\/em>(accessed November 11, 2022).<\/li>\n<li>&#8220;Control Of Refugee Relief.&#8221;\u00a0<em>Times<\/em>, January 7, 1939, 9.\u00a0<em>The Times Digital Archive\u00a0<\/em>(accessed November 11, 2022).<\/li>\n<li>&#8220;\u00a3282,813 For Refugees.&#8221;\u00a0<em>Times<\/em>, January 3, 1939, 10.\u00a0<em>The Times Digital Archive\u00a0<\/em>(accessed November 11, 2022).<\/li>\n<li>&#8220;Friendly Aliens&#8217; Plight.&#8221;\u00a0<em>Times<\/em>, August 12, 1940, 9.\u00a0<em>The Times Digital Archive\u00a0<\/em>(accessed November 11, 2022)<\/li>\n<\/ul>\n","protected":false},"excerpt":{"rendered":"<p>Aaron Huq, \u201cWhat It Is to be a Savage: Understanding Colonial Distinguishments of Different Groups\u201d Carey, William.\u00a0A Garo Jungle Book: Or, The Mission to the Garos of Assam. Philadelphia: Judson Press, 1919. Parsons, Timothy H..\u00a0The Second British Empire : In &hellip; <a href=\"https:\/\/history208.voices.wooster.edu\/?page_id=5898\">Continue reading <span class=\"meta-nav\">&rarr;<\/span><\/a><\/p>\n","protected":false},"author":15,"featured_media":0,"parent":4385,"menu_order":0,"comment_status":"closed","ping_status":"closed","template":"","meta":{"footnotes":""},"class_list":["post-5898","page","type-page","status-publish","hentry"],"_links":{"self":[{"href":"https:\/\/history208.voices.wooster.edu\/index.php?rest_route=\/wp\/v2\/pages\/5898","targetHints":{"allow":["GET"]}}],"collection":[{"href":"https:\/\/history208.voices.wooster.edu\/index.php?rest_route=\/wp\/v2\/pages"}],"about":[{"href":"https:\/\/history208.voices.wooster.edu\/index.php?rest_route=\/wp\/v2\/types\/page"}],"author":[{"embeddable":true,"href":"https:\/\/history208.voices.wooster.edu\/index.php?rest_route=\/wp\/v2\/users\/15"}],"replies":[{"embeddable":true,"href":"https:\/\/history208.voices.wooster.edu\/index.php?rest_route=%2Fwp%2Fv2%2Fcomments&post=5898"}],"version-history":[{"count":6,"href":"https:\/\/history208.voices.wooster.edu\/index.php?rest_route=\/wp\/v2\/pages\/5898\/revisions"}],"predecessor-version":[{"id":5923,"href":"https:\/\/history208.voices.wooster.edu\/index.php?rest_route=\/wp\/v2\/pages\/5898\/revisions\/5923"}],"up":[{"embeddable":true,"href":"https:\/\/history208.voices.wooster.edu\/index.php?rest_route=\/wp\/v2\/pages\/4385"}],"wp:attachment":[{"href":"https:\/\/history208.voices.wooster.edu\/index.php?rest_route=%2Fwp%2Fv2%2Fmedia&parent=5898"}],"curies":[{"name":"wp","href":"https:\/\/api.w.org\/{rel}","templated":true}]}}